{"id":1359,"date":"2019-02-17T12:56:05","date_gmt":"2019-02-17T12:56:05","guid":{"rendered":"http:\/\/demos.casethemes.net\/lawsight\/?page_id=1359"},"modified":"2020-03-12T22:16:49","modified_gmt":"2020-03-12T22:16:49","slug":"bankruptcy","status":"publish","type":"page","link":"https:\/\/sernalegal.com\/es\/bankruptcy\/","title":{"rendered":"Bancarrota"},"content":{"rendered":"<div class=\"vc_row wpb_row vc_row-fluid bg-image-ps-inherit\"><div class=\"wpb_column vc_column_container vc_col-sm-12\"><div class=\"vc_column-inner\"><div class=\"wpb_wrapper\"><div id=\"ct-space-69ddff569af8e\">\n\t<style type=\"text\/css\">\n\t\t\t\t\t@media screen and (min-width: 1200px) {\n\t\t\t\t#ct-space-69ddff569af8e .ct-space {\n\t\t\t\t\theight: 40px;\n\t\t\t\t}\n\t\t\t}\n\t\t\t\t\t\t\t@media (min-width: 992px) and (max-width: 1991px) {\n\t\t\t\t#ct-space-69ddff569af8e .ct-space {\n\t\t\t\t\theight: 40px;\n\t\t\t\t}\n\t\t\t}\n\t\t\t\t\t\t\t<\/style>\n\t<div class=\"ct-space\"><\/div>\n<\/div><\/div><\/div><\/div><\/div><div class=\"vc_row wpb_row vc_row-fluid vc_custom_1551761082453 bg-image-ps-inherit\"><div class=\"wpb_column vc_column_container vc_col-sm-4 vc_col-lg-3 vc_col-md-3\"><div class=\"vc_column-inner\"><div class=\"wpb_wrapper\">\n<div id=\"ct-team-member\" class=\"ct-team-member-default single-team\">\n    <div class=\"ct-team-member-inner\">\n                    <div class=\"ct-team-image\">\n                <img loading=\"lazy\" decoding=\"async\" class=\"\" src=\"https:\/\/i0.wp.com\/sernalegal.com\/wp-content\/uploads\/2019\/10\/town-sign-96612_1280-400x400.jpg\" width=\"400\" height=\"400\" alt=\"Bankruptcy\" title=\"town-sign-96612_1280\" \/>            <\/div>\n                <div class=\"ct-team-holder\">\n            <h3 class=\"ct-team-title\">\n                <a href=\"\" target=\"\">\n                                    <\/a>\n            <\/h3>\n                    <\/div>\n    <\/div>\n<\/div><div id=\"ct-space-69ddff569b5ee\">\n\t<style type=\"text\/css\">\n\t\t\t\t\t\t\t\t\t\t\t@media screen and (max-width: 767px) {\n\t\t\t\t#ct-space-69ddff569b5ee .ct-space {\n\t\t\t\t\theight: 42px;\n\t\t\t\t}\n\t\t\t}\n\t\t\t<\/style>\n\t<div class=\"ct-space\"><\/div>\n<\/div><\/div><\/div><\/div><div class=\"wpb_column vc_column_container vc_col-sm-8 vc_col-lg-9 vc_col-md-9\"><div class=\"vc_column-inner\"><div class=\"wpb_wrapper\">\n\t<div class=\"wpb_text_column wpb_content_element  vc_custom_1583983517156\" >\n\t\t<div class=\"wpb_wrapper\">\n\t\t\t<h3>Una empresa o un individuo pueden declararse en bancarrota una vez que se haya asegurado de que se ha vuelto imposible pagar a sus acreedores. La bancarrota puede brindarle la oportunidad de comenzar de nuevo desde un punto de vista financiero, ya que la mayor\u00eda de las deudas se liberan despu\u00e9s de declararse en bancarrota.<\/h3>\n<p>El Cap\u00edtulo 7 (o la Liquidaci\u00f3n Judicial) tiene como significado que su \u201cpatrimonio\u201d, es decir, sus activos, son vendidos para pagar a sus acreedores. Una Liquidaci\u00f3n Judicial tambi\u00e9n puede implicar la venta de activos, pero la mayor\u00eda de las veces puede retener la mayor\u00eda de sus activos mientras se eval\u00faan las necesidades de sus acreedores.<\/p>\n<p>Las Liquidaciones Judiciales se pueden presentar bajo las siguientes pautas:<\/p>\n<ul>\n<li>Cap\u00edtulo 9 - Municipios<\/li>\n<li>Cap\u00edtulo 11 - Empresas y personas con muchos activos<\/li>\n<li>Cap\u00edtulo 12 - Agricultores, pescadores<\/li>\n<li>Cap\u00edtulo 13 - Personas con ingresos fijos<\/li>\n<li>Cap\u00edtulo 15 - Casos internacionales<\/li>\n<\/ul>\n<p>Cont\u00e1ctenos hoy para conocer m\u00e1s sobre sus opciones bajo las leyes concursales vigentes. Estamos aqu\u00ed para ayudar.<\/p>\n\n\t\t<\/div>\n\t<\/div>\n<div class=\"vc_row wpb_row vc_inner vc_row-fluid vc_row-o-content-middle vc_row-flex\"><div class=\"wpb_column vc_column_container vc_col-sm-8\"><div class=\"vc_column-inner\"><div class=\"wpb_wrapper\"><div class=\"ct-contact-info style1 contact-info-group\">\n\t<div class=\"contact-info-inner\">\n                    <div class=\"ct-contact-info-icon\">\n                <i class=\"fac fac-phone\" style=\"\"><\/i>\n            <\/div>\n                <div class=\"ct-contact-info-content\" style=\"\">\n                                                        <a href=\"tel:201-392-0303\">201-392-0303<\/a>\n                                            <\/div>\n\t<\/div>\n<\/div><div class=\"ct-contact-info style1 contact-info-group\">\n\t<div class=\"contact-info-inner\">\n                    <div class=\"ct-contact-info-icon\">\n                <i class=\"fa fa-envelope\" style=\"\"><\/i>\n            <\/div>\n                <div class=\"ct-contact-info-content\" style=\"\">\n                                                    <a href=\"mailto:contact@sernalegal.com\">contact@sernalegal.com<\/a>\n                                <\/div>\n\t<\/div>\n<\/div><\/div><\/div><\/div><div class=\"text-left-sm text-right wpb_column vc_column_container vc_col-sm-4\"><div class=\"vc_column-inner\"><div class=\"wpb_wrapper\"><div id=\"ct-space-69ddff569bcdd\">\n\t<style type=\"text\/css\">\n\t\t\t\t\t\t\t\t\t\t\t@media screen and (max-width: 767px) {\n\t\t\t\t#ct-space-69ddff569bcdd .ct-space {\n\t\t\t\t\theight: 12px;\n\t\t\t\t}\n\t\t\t}\n\t\t\t<\/style>\n\t<div class=\"ct-space\"><\/div>\n<\/div>    <div class=\"ct-social text-left\">\n                    <a href=\"https:\/\/www.facebook.com\/SernaLawFirm\" target=\"_blank\"><i class=\"fa fa-facebook\" style=\"\"><\/i><\/a>\n                    <a href=\"https:\/\/twitter.com\/NorthNJLawyer\" target=\"_blank\"><i class=\"fa fa-twitter\" style=\"\"><\/i><\/a>\n                    <a href=\"http:\/\/www.youtube.com\/SernaLawFirm\" target=\"_blank\"><i class=\"fa fa-youtube-square\" style=\"\"><\/i><\/a>\n            <\/div>\n<\/div><\/div><\/div><\/div><\/div><\/div><\/div><\/div><div data-vc-full-width=\"true\" data-vc-full-width-init=\"false\" class=\"vc_row wpb_row vc_row-fluid vc_custom_1584049444476 vc_row-has-fill bg-image-ps-inherit\"><div class=\"wpb_column vc_column_container vc_col-sm-8\"><div class=\"vc_column-inner vc_custom_1584050265909\"><div class=\"wpb_wrapper\"><div class=\"vc_empty_space\"   style=\"height: 40px\"><span class=\"vc_empty_space_inner\"><\/span><\/div><div id=\"ct-heading\" class=\"ct-heading  style1 align-left align-left-md align-left-sm align-left-xs  wpb_animate_when_almost_visible wpb_bounceInUp bounceInUp\">\n    \n    \n                <div class=\"ct-heading-sub\" >\n            <span ><\/span>\n            LLAMA AHORA!        <\/div>\n            <h2 class=\"ct-heading-tag\" >\n                    <a href=\"tel:12013920303\" target=\"_self\">                Llamanos y tendr\u00e1s una consulta gratis            <\/a>            <\/h2>\n        <\/div><div class=\"vc_empty_space\"   style=\"height: 20px\"><span class=\"vc_empty_space_inner\"><\/span><\/div><div class=\"ct-button-wrapper align-left align-left-md align-left-sm align-left-xs  wpb_animate_when_almost_visible wpb_flash flash\">\n\n    <a  href=\"tel:12013920303\" target=\"_self\" class=\"btn btn-icon btn-gradient size-lg\">\n        <span>+1 201 392 0303<\/span>\n                    <i class=\"zmdi zmdi-phone-in-talk\"><\/i>\n            <\/a>\n\n<\/div><div class=\"vc_empty_space\"   style=\"height: 60px\"><span class=\"vc_empty_space_inner\"><\/span><\/div><\/div><\/div><\/div><div class=\"wpb_column vc_column_container vc_col-sm-2\"><div class=\"vc_column-inner\"><div class=\"wpb_wrapper\"><\/div><\/div><\/div><\/div><div class=\"vc_row-full-width vc_clearfix\"><\/div>","protected":false},"excerpt":{"rendered":"A business or an individual can declare bankruptcy once they have ascertained that it has become impossible to pay off one\u2019s creditors. It can give you a chance to start over from a financial point of view, as most of debts are relieved after bankruptcy as been filed. Chapter 7, or liquidation bankruptcy, means that [...]","protected":false},"author":1,"featured_media":0,"parent":0,"menu_order":0,"comment_status":"closed","ping_status":"closed","template":"","meta":{"footnotes":""},"class_list":["post-1359","page","type-page","status-publish","hentry"],"jetpack_sharing_enabled":true,"_links":{"self":[{"href":"https:\/\/sernalegal.com\/es\/wp-json\/wp\/v2\/pages\/1359","targetHints":{"allow":["GET"]}}],"collection":[{"href":"https:\/\/sernalegal.com\/es\/wp-json\/wp\/v2\/pages"}],"about":[{"href":"https:\/\/sernalegal.com\/es\/wp-json\/wp\/v2\/types\/page"}],"author":[{"embeddable":true,"href":"https:\/\/sernalegal.com\/es\/wp-json\/wp\/v2\/users\/1"}],"replies":[{"embeddable":true,"href":"https:\/\/sernalegal.com\/es\/wp-json\/wp\/v2\/comments?post=1359"}],"version-history":[{"count":0,"href":"https:\/\/sernalegal.com\/es\/wp-json\/wp\/v2\/pages\/1359\/revisions"}],"wp:attachment":[{"href":"https:\/\/sernalegal.com\/es\/wp-json\/wp\/v2\/media?parent=1359"}],"curies":[{"name":"wp","href":"https:\/\/api.w.org\/{rel}","templated":true}]}}