{"id":246,"date":"2018-12-25T02:41:21","date_gmt":"2018-12-25T02:41:21","guid":{"rendered":"http:\/\/demos.casethemes.net\/lawsight\/?page_id=246"},"modified":"2022-10-14T20:51:30","modified_gmt":"2022-10-14T20:51:30","slug":"about-us","status":"publish","type":"page","link":"https:\/\/sernalegal.com\/es\/about-us\/","title":{"rendered":"Nosotros"},"content":{"rendered":"<div data-vc-full-width=\"true\" data-vc-full-width-init=\"false\" data-vc-stretch-content=\"true\" class=\"vc_row wpb_row vc_row-fluid vc_custom_1551717048729 vc_row-no-padding vc_row-o-content-middle vc_row-flex bg-image-ps-inherit\"><div class=\"wpb_column vc_column_container vc_col-sm-12 vc_col-lg-6 vc_col-md-6 rm-padding-lg col-offset-left\"><div class=\"vc_column-inner vc_custom_1551625642296\"><div class=\"wpb_wrapper\"><div id=\"ct-space-69e13059bc7ed\">\n\t<style type=\"text\/css\">\n\t\t\t\t\t@media screen and (min-width: 1200px) {\n\t\t\t\t#ct-space-69e13059bc7ed .ct-space {\n\t\t\t\t\theight: 46px;\n\t\t\t\t}\n\t\t\t}\n\t\t\t\t\t\t\t@media (min-width: 992px) and (max-width: 1991px) {\n\t\t\t\t#ct-space-69e13059bc7ed .ct-space {\n\t\t\t\t\theight: 46px;\n\t\t\t\t}\n\t\t\t}\n\t\t\t\t\t\t\t<\/style>\n\t<div class=\"ct-space\"><\/div>\n<\/div><div id=\"ct-heading\" class=\"ct-heading  style1 align-left align-left-md align-left-sm align-left-xs\">\n    \n            <style type=\"text\/css\">\n            @media (min-width: 768px) and (max-width: 991px) {\n                #ct-heading .ct-heading-tag {\n                                            font-size: 24px !important;\n                                                        }\n            }\n        <\/style>\n    \n            <style type=\"text\/css\">\n            @media screen and (max-width: 767px) {\n                #ct-heading .ct-heading-tag {\n                                            font-size: 24px !important;\n                                                        }\n            }\n        <\/style>\n                <div class=\"ct-heading-sub translation-block\" >Sobre <cite>nosotros<\/cite><\/div>\n            <h3 class=\"ct-heading-tag\" style=\"margin-bottom:0px; \">\n                                    Estamos aqu\u00ed para guiarlo en cada paso <cite>de su caso<\/cite>                        <\/h3>\n            <div class=\"h-gap\">\n            <span>\n                <i ><\/i>\n                <i ><\/i>\n                <i ><\/i>\n                <i ><\/i>\n            <\/span>\n        <\/div>\n        <\/div>\n\t<div class=\"wpb_text_column wpb_content_element  vc_custom_1603916099015 text-block1\" >\n\t\t<div class=\"wpb_wrapper\">\n\t\t\t<p>Steven A. Serna naci\u00f3 y creci\u00f3 en el condado de Hudson, Nueva Jersey. Se gradu\u00f3 de la Universidad de Rutgers con una licenciatura en ciencias en 1996. En 2002, recibi\u00f3 su t\u00edtulo de doctor en derecho de la Facultad de Derecho Benjamin N. Cardozo de la Universidad Yeshiva. Est\u00e1 habilitado para ejercer como abogado en los estados de Nueva Jersey y Nueva York.<\/p>\n<p>En 2006, Steven regres\u00f3 al condado de Hudson, Nueva Jersey, para abrir su bufete de abogados en West New York, Nueva Jersey. \u00c9l tiene una pasi\u00f3n por ayudar a los clientes que necesitan asistencia y asesoramiento legal. Su fluidez en espa\u00f1ol le permite ayudar a la comunidad de habla hispana del norte de Nueva Jersey. Si necesita asesoramiento sobre un asunto, las Oficinas Legales de Serna siempre le brindar\u00e1n una consulta gratuita. Como dicen los clientes: \"\u00a1Serna assists!\" y en espa\u00f1ol \"\u00a1Serna Ayuda! \u00ae\"<\/p>\n\n\t\t<\/div>\n\t<\/div>\n<div id=\"ct-space-69e13059bcae0\">\n\t<style type=\"text\/css\">\n\t\t\t\t\t\t\t\t\t@media (min-width: 768px) and (max-width: 991px) {\n\t\t\t\t#ct-space-69e13059bcae0 .ct-space {\n\t\t\t\t\theight: 35px;\n\t\t\t\t}\n\t\t\t}\n\t\t\t\t\t\t\t@media screen and (max-width: 767px) {\n\t\t\t\t#ct-space-69e13059bcae0 .ct-space {\n\t\t\t\t\theight: 35px;\n\t\t\t\t}\n\t\t\t}\n\t\t\t<\/style>\n\t<div class=\"ct-space\"><\/div>\n<\/div><\/div><\/div><\/div><div class=\"wpb_animate_when_almost_visible wpb_fadeInRight fadeInRight wpb_column vc_column_container vc_col-sm-12 vc_col-lg-6 vc_col-md-6 rm-padding-lg\"><div class=\"vc_column-inner vc_custom_1551949279230\"><div class=\"wpb_wrapper\"><div id=\"ct-box-bg-69e13059bccb6\" class=\"ct-box-bg bg-image\" style=\"background-image: url(https:\/\/i0.wp.com\/sernalegal.com\/wp-content\/uploads\/2019\/10\/supreme-court-building-1209701_1280-modified.jpg?fit=758%2C762&#038;ssl=1);\">\n    <style type=\"text\/css\">\n                    @media screen and (min-width: 768px) {\n                #ct-box-bg-69e13059bccb6 {\n                    height: 551px;\n                }\n            }\n        \n                    @media screen and (max-width: 767px) {\n                #ct-box-bg-69e13059bccb6 {\n                    height: 350px;\n                }\n            }\n            <\/style>\n    <\/div><\/div><\/div><\/div><\/div><div class=\"vc_row-full-width vc_clearfix\"><\/div><div class=\"vc_row wpb_row vc_row-fluid vc_custom_1551718146381 bg-image-ps-inherit\"><div class=\"wpb_column vc_column_container vc_col-sm-6\"><div class=\"vc_column-inner vc_custom_1551718151407\"><div class=\"wpb_wrapper\"><div id=\"ct-heading-2\" class=\"ct-heading  style1 align-left align-left-md align-left-sm align-left-xs\">\n    \n            <style type=\"text\/css\">\n            @media (min-width: 768px) and (max-width: 991px) {\n                #ct-heading-2 .ct-heading-tag {\n                                            font-size: 24px !important;\n                                                        }\n            }\n        <\/style>\n    \n            <style type=\"text\/css\">\n            @media screen and (max-width: 767px) {\n                #ct-heading-2 .ct-heading-tag {\n                                            font-size: 24px !important;\n                                                        }\n            }\n        <\/style>\n                <div class=\"ct-heading-sub\" >\n            <span ><\/span>\n            Dato de Interes        <\/div>\n            <h3 class=\"ct-heading-tag\" style=\"margin-bottom:0px; \">\n                                    Nos sentimos orgullosos<br \/>\nde nuestros <cite>logros<\/cite>                        <\/h3>\n            <div class=\"h-gap\">\n            <span>\n                <i ><\/i>\n                <i ><\/i>\n                <i ><\/i>\n                <i ><\/i>\n            <\/span>\n        <\/div>\n        <\/div><\/div><\/div><\/div><div class=\"wpb_column vc_column_container vc_col-sm-3\"><div class=\"vc_column-inner vc_custom_1551718205644\"><div class=\"wpb_wrapper\">\n\t<div class=\"wpb_text_column wpb_content_element  vc_custom_1570498351647 text-block1\" >\n\t\t<div class=\"wpb_wrapper\">\n\t\t\t<p>Los a\u00f1os, la gente, la responsabilidad, el trabajo duro nos hacen mejores.<\/p>\n\n\t\t<\/div>\n\t<\/div>\n<\/div><\/div><\/div><div class=\"wpb_column vc_column_container vc_col-sm-3\"><div class=\"vc_column-inner vc_custom_1551718209543\"><div class=\"wpb_wrapper\">\n\t<div class=\"wpb_text_column wpb_content_element  vc_custom_1570498446101 text-block1\" >\n\t\t<div class=\"wpb_wrapper\">\n\t\t\t<p>Nuestra experiencia es muy importante, esto produce mucha confianza a nuestros clientes<\/p>\n\n\t\t<\/div>\n\t<\/div>\n<\/div><\/div><\/div><\/div><div class=\"vc_row wpb_row vc_row-fluid bg-image-ps-inherit\"><div class=\"wpb_column vc_column_container vc_col-sm-12\"><div class=\"vc_column-inner vc_custom_1551749121772\"><div class=\"wpb_wrapper\"><div class=\"vc_row wpb_row vc_inner vc_row-fluid\"><div class=\"wpb_column vc_column_container vc_col-sm-6 vc_col-lg-3 vc_col-md-3 wpb_animate_when_almost_visible wpb_fadeInUp fadeInUp\"><div class=\"vc_column-inner vc_custom_1551755378373\"><div class=\"wpb_wrapper\"><div id=\"ct-counter\" class=\"ct-counter ct-counter-default col-same-height style1\">\n\n    <div class=\"ct-counter-inner\">\n        <div class=\"ct-counter-holder\">\n                                                    <span id=\"ct-counter-digit\" class=\"ct-counter-digit\" data-grouping=\"0\" data-separator=\"\" data-digit=\"2000\" data-prefix=\"\" data-suffix=\"+\" style=\"\"><\/span>\n                            <h3 class=\"ct-counter-title\" style=\"\">\n                    Casos completados                <\/h3>\n                    <\/div>\n    <\/div>\n<\/div><\/div><\/div><\/div><div class=\"wpb_column vc_column_container vc_col-sm-6 vc_col-lg-3 vc_col-md-3 wpb_animate_when_almost_visible wpb_fadeInUp fadeInUp\"><div class=\"vc_column-inner vc_custom_1551755386933\"><div class=\"wpb_wrapper\"><div id=\"ct-counter-2\" class=\"ct-counter ct-counter-default col-same-height style2\">\n\n    <div class=\"ct-counter-inner\">\n        <div class=\"ct-counter-holder\">\n                                                    <span id=\"ct-counter-2-digit\" class=\"ct-counter-digit\" data-grouping=\"0\" data-separator=\"\" data-digit=\"2000\" data-prefix=\"\" data-suffix=\"+\" style=\"\"><\/span>\n                            <h3 class=\"ct-counter-title\" style=\"\">\n                    Clientes satisfechos                <\/h3>\n                    <\/div>\n    <\/div>\n<\/div><\/div><\/div><\/div><div class=\"wpb_column vc_column_container vc_col-sm-6 vc_col-lg-3 vc_col-md-3 wpb_animate_when_almost_visible wpb_fadeInUp fadeInUp\"><div class=\"vc_column-inner vc_custom_1551755396229\"><div class=\"wpb_wrapper\"><div id=\"ct-counter-3\" class=\"ct-counter ct-counter-default col-same-height style1\">\n\n    <div class=\"ct-counter-inner\">\n        <div class=\"ct-counter-holder\">\n                                                    <span id=\"ct-counter-3-digit\" class=\"ct-counter-digit\" data-grouping=\"0\" data-separator=\"\" data-digit=\"100\" data-prefix=\"+\" data-suffix=\"\" style=\"\"><\/span>\n                            <h3 class=\"ct-counter-title\" style=\"\">\n                    Logros                <\/h3>\n                    <\/div>\n    <\/div>\n<\/div><\/div><\/div><\/div><div class=\"wpb_column vc_column_container vc_col-sm-6 vc_col-lg-3 vc_col-md-3 wpb_animate_when_almost_visible wpb_fadeInUp fadeInUp\"><div class=\"vc_column-inner vc_custom_1551755404431\"><div class=\"wpb_wrapper\"><div id=\"ct-counter-4\" class=\"ct-counter ct-counter-default col-same-height style2\">\n\n    <div class=\"ct-counter-inner\">\n        <div class=\"ct-counter-holder\">\n                                                    <span id=\"ct-counter-4-digit\" class=\"ct-counter-digit\" data-grouping=\"0\" data-separator=\"\" data-digit=\"18\" data-prefix=\"+\" data-suffix=\"\" style=\"\"><\/span>\n                            <h3 class=\"ct-counter-title\" style=\"\">\n                    A\u00f1os de experiencia                <\/h3>\n                    <\/div>\n    <\/div>\n<\/div><\/div><\/div><\/div><\/div><\/div><\/div><\/div><\/div><div data-vc-full-width=\"true\" data-vc-full-width-init=\"false\" class=\"vc_row wpb_row vc_row-fluid vc_custom_1665780686891 vc_row-has-fill bg-image-ps-inherit\"><div class=\"wpb_column vc_column_container vc_col-sm-8\"><div class=\"vc_column-inner vc_custom_1584050265909\"><div class=\"wpb_wrapper\"><div class=\"vc_empty_space\"   style=\"height: 40px\"><span class=\"vc_empty_space_inner\"><\/span><\/div><div id=\"ct-heading-3\" class=\"ct-heading  style1 align-left align-left-md align-left-sm align-left-xs  wpb_animate_when_almost_visible wpb_bounceInUp bounceInUp\">\n    \n    \n                <div class=\"ct-heading-sub\" >\n            <span ><\/span>\n            LLAMA AHORA!        <\/div>\n            <h2 class=\"ct-heading-tag\" >\n                    <a href=\"tel:12013920303\" target=\"_self\">                Llamanos y tendr\u00e1s una consulta gratis            <\/a>            <\/h2>\n        <\/div><div class=\"vc_empty_space\"   style=\"height: 20px\"><span class=\"vc_empty_space_inner\"><\/span><\/div><div class=\"ct-button-wrapper align-left align-left-md align-left-sm align-left-xs  wpb_animate_when_almost_visible wpb_flash flash\">\n\n    <a  href=\"tel:12013920303\" target=\"_self\" class=\"btn btn-icon btn-gradient size-lg\">\n        <span>+1 201 392 0303<\/span>\n                    <i class=\"zmdi zmdi-phone-in-talk\"><\/i>\n            <\/a>\n\n<\/div><div class=\"vc_empty_space\"   style=\"height: 60px\"><span class=\"vc_empty_space_inner\"><\/span><\/div><\/div><\/div><\/div><div class=\"wpb_column vc_column_container vc_col-sm-2\"><div class=\"vc_column-inner\"><div class=\"wpb_wrapper\"><\/div><\/div><\/div><\/div><div class=\"vc_row-full-width vc_clearfix\"><\/div>","protected":false},"excerpt":{"rendered":"About us We are here to guide you in every step of your case Steven A. Serna was born and raised in Hudson County, New Jersey. Graduated from Rutgers University with a Bachelor of Science degree in 1996. In 2002, received his juris doctor degree from the Benjamin N. Cardozo, School of Law of Yeshiva [...]","protected":false},"author":1,"featured_media":0,"parent":0,"menu_order":0,"comment_status":"closed","ping_status":"closed","template":"","meta":{"footnotes":""},"class_list":["post-246","page","type-page","status-publish","hentry"],"jetpack_sharing_enabled":true,"_links":{"self":[{"href":"https:\/\/sernalegal.com\/es\/wp-json\/wp\/v2\/pages\/246","targetHints":{"allow":["GET"]}}],"collection":[{"href":"https:\/\/sernalegal.com\/es\/wp-json\/wp\/v2\/pages"}],"about":[{"href":"https:\/\/sernalegal.com\/es\/wp-json\/wp\/v2\/types\/page"}],"author":[{"embeddable":true,"href":"https:\/\/sernalegal.com\/es\/wp-json\/wp\/v2\/users\/1"}],"replies":[{"embeddable":true,"href":"https:\/\/sernalegal.com\/es\/wp-json\/wp\/v2\/comments?post=246"}],"version-history":[{"count":0,"href":"https:\/\/sernalegal.com\/es\/wp-json\/wp\/v2\/pages\/246\/revisions"}],"wp:attachment":[{"href":"https:\/\/sernalegal.com\/es\/wp-json\/wp\/v2\/media?parent=246"}],"curies":[{"name":"wp","href":"https:\/\/api.w.org\/{rel}","templated":true}]}}