{"id":252,"date":"2018-12-25T02:42:33","date_gmt":"2018-12-25T02:42:33","guid":{"rendered":"http:\/\/demos.casethemes.net\/lawsight\/?page_id=252"},"modified":"2022-10-14T20:52:36","modified_gmt":"2022-10-14T20:52:36","slug":"testimonial","status":"publish","type":"page","link":"https:\/\/sernalegal.com\/es\/testimonial\/","title":{"rendered":"Testimonios"},"content":{"rendered":"<div class=\"vc_row wpb_row vc_row-fluid bg-image-ps-inherit\"><div class=\"wpb_column vc_column_container vc_col-sm-12\"><div class=\"vc_column-inner vc_custom_1551755867246\"><div class=\"wpb_wrapper\"><div class=\"vc_row wpb_row vc_inner vc_row-fluid\"><div class=\"wpb_column vc_column_container vc_col-sm-3\"><div class=\"vc_column-inner\"><div class=\"wpb_wrapper\"><\/div><\/div><\/div><div class=\"wpb_column vc_column_container vc_col-sm-6 rm-padding-lg\"><div class=\"vc_column-inner vc_custom_1546008206695\"><div class=\"wpb_wrapper\"><div id=\"ct-heading\" class=\"ct-heading  style1 align-center align-center-md align-center-sm align-center-xs\">\n    \n            <style type=\"text\/css\">\n            @media (min-width: 768px) and (max-width: 991px) {\n                #ct-heading .ct-heading-tag {\n                                            font-size: 24px !important;\n                                                        }\n            }\n        <\/style>\n    \n            <style type=\"text\/css\">\n            @media screen and (max-width: 767px) {\n                #ct-heading .ct-heading-tag {\n                                            font-size: 24px !important;\n                                                        }\n            }\n        <\/style>\n                <div class=\"ct-heading-sub\" >\n            <span ><\/span>\n            Testimonios        <\/div>\n            <h3 class=\"ct-heading-tag\" style=\"margin-bottom:0px; \">\n                                    Lo que nuestros clientes dicen                        <\/h3>\n            <div class=\"h-gap\">\n            <span>\n                <i ><\/i>\n                <i ><\/i>\n                <i ><\/i>\n                <i ><\/i>\n            <\/span>\n        <\/div>\n        <\/div><\/div><\/div><\/div><div class=\"wpb_column vc_column_container vc_col-sm-3\"><div class=\"vc_column-inner\"><div class=\"wpb_wrapper\"><\/div><\/div><\/div><\/div><div class=\"vc_empty_space\"   style=\"height: 40px\"><span class=\"vc_empty_space_inner\"><\/span><\/div>\n    <div id=\"ct-testimonial-carousel\" class=\"ct-testimonial-layout1 owl-carousel\" data-item-xs=\"1\" data-item-sm=\"1\" data-item-md=\"2\" data-item-lg=\"2\" data-item-xl=\"2\" data-margin=\"30\" data-loop=\"true\" data-autoplay=\"false\" data-autoplaytimeout=\"5000\" data-smartspeed=\"250\" data-center=\"false\" data-arrows=\"false\" data-bullets=\"false\" data-stagepadding=\"0\" data-stagepadding-xl=\"0\" data-stagepadding-lg=\"0\" data-rtl=\"false\" >\n                    <div class=\"ct-testimonial-item\">\n                <div class=\"grid-item-inner\">\n                    <div class=\"testimonial-icon\">\u201c<\/div>\n                                        <div class=\"testimonial-description\">Servicio y soporte excepcionales durante mi caso de bancarrota. Steven y su equipo son muy profesionales y tienen mucho talento. Fueron muy pacientes conmigo y me guiaron en ese momento dif\u00edcil.<\/div>\n                    <h4 class=\"testimonial-title\">\n                        Kinga                     <\/h4>\n                    <div class=\"testimonial-position\">\n                        Servicio y soporte excepcionales.                    <\/div>\n                <\/div>\n            <\/div>\n                    <div class=\"ct-testimonial-item\">\n                <div class=\"grid-item-inner\">\n                    <div class=\"testimonial-icon\">\u201c<\/div>\n                                        <div class=\"testimonial-description\">Steven Serna y su dedicado personal nos guiaron y apoyaron en cada paso del camino para comprar nuestra primera casa. Profesional, atento y conocedor, el Sr. Serna se ha ganado nuestro mayor respeto y admiraci\u00f3n. Mi esposa y yo recomendamos encarecidamente contratar los servicios de su bufete de abogados.\n<\/div>\n                    <h4 class=\"testimonial-title\">\n                        Roman                     <\/h4>\n                    <div class=\"testimonial-position\">\n                        Profesional, informado y solidario.                    <\/div>\n                <\/div>\n            <\/div>\n            <\/div>\n\n<div class=\"vc_empty_space\"   style=\"height: 40px\"><span class=\"vc_empty_space_inner\"><\/span><\/div>\n    <div id=\"ct-testimonial-carousel-2\" class=\"ct-testimonial-layout1 owl-carousel\" data-item-xs=\"1\" data-item-sm=\"1\" data-item-md=\"2\" data-item-lg=\"2\" data-item-xl=\"2\" data-margin=\"30\" data-loop=\"true\" data-autoplay=\"false\" data-autoplaytimeout=\"5000\" data-smartspeed=\"250\" data-center=\"false\" data-arrows=\"false\" data-bullets=\"false\" data-stagepadding=\"0\" data-stagepadding-xl=\"0\" data-stagepadding-lg=\"0\" data-rtl=\"false\" >\n                    <div class=\"ct-testimonial-item\">\n                <div class=\"grid-item-inner\">\n                    <div class=\"testimonial-icon\">\u201c<\/div>\n                                        <div class=\"testimonial-description\">Steven fue muy profesional y demostr\u00f3 un conocimiento profundo de su rol. Fue muy eficaz, resiliente y trabaj\u00f3 con el Cliente de la manera m\u00e1s humana, lo cual fue admirable. Mantuvo informado a su cliente y present\u00f3 su caso de manera brillante. Recomendar\u00eda sin problemas sus servicios a cualquiera.<\/div>\n                    <h4 class=\"testimonial-title\">\n                        Madeline                    <\/h4>\n                    <div class=\"testimonial-position\">\n                        Gran Abogado                    <\/div>\n                <\/div>\n            <\/div>\n                    <div class=\"ct-testimonial-item\">\n                <div class=\"grid-item-inner\">\n                    <div class=\"testimonial-icon\">\u201c<\/div>\n                                        <div class=\"testimonial-description\">Steven fue muy servicial y profesional durante la compra de mi casa familiar. Estoy extremadamente satisfecho con su r\u00e1pida respuesta y atenci\u00f3n al detalle. Ciertamente volver\u00e9 a hacer negocios con \u00e9l.<\/div>\n                    <h4 class=\"testimonial-title\">\n                        Gil Otero                     <\/h4>\n                    <div class=\"testimonial-position\">\n                        Compra de vivienda                    <\/div>\n                <\/div>\n            <\/div>\n            <\/div>\n\n<div class=\"vc_empty_space\"   style=\"height: 40px\"><span class=\"vc_empty_space_inner\"><\/span><\/div>\n    <div id=\"ct-testimonial-carousel-3\" class=\"ct-testimonial-layout1 owl-carousel\" data-item-xs=\"1\" data-item-sm=\"1\" data-item-md=\"1\" data-item-lg=\"1\" data-item-xl=\"1\" data-margin=\"30\" data-loop=\"true\" data-autoplay=\"false\" data-autoplaytimeout=\"5000\" data-smartspeed=\"250\" data-center=\"false\" data-arrows=\"false\" data-bullets=\"false\" data-stagepadding=\"0\" data-stagepadding-xl=\"0\" data-stagepadding-lg=\"0\" data-rtl=\"false\" >\n                    <div class=\"ct-testimonial-item\">\n                <div class=\"grid-item-inner\">\n                    <div class=\"testimonial-icon\">\u201c<\/div>\n                                        <div class=\"testimonial-description\">Llegu\u00e9 a Steven por recomendaci\u00f3n de mi corredor de bienes ra\u00edces y qued\u00e9 muy satisfecha con sus servicios y los volver\u00eda a utilizar. \u00c9l fue muy receptivo y siempre respond\u00eda a mis preguntas cuando llamaba. Fue r\u00e1pido y profesional, y est\u00e1 muy bien informado. Tambi\u00e9n pudo manejar dos acuerdos inmobiliarios en los que el tiempo era esencial sin problemas. Tambi\u00e9n me aconsej\u00f3 sabiamente cuando lo necesit\u00e9. Lo recomendar\u00eda mucho.<\/div>\n                    <h4 class=\"testimonial-title\">\n                        Natalie                    <\/h4>\n                    <div class=\"testimonial-position\">\n                        Receptivo y Profesional                    <\/div>\n                <\/div>\n            <\/div>\n            <\/div>\n\n<\/div><\/div><\/div><\/div><div data-vc-full-width=\"true\" data-vc-full-width-init=\"false\" class=\"vc_row wpb_row vc_row-fluid vc_custom_1665780736097 vc_row-has-fill bg-image-ps-inherit\"><div class=\"wpb_column vc_column_container vc_col-sm-8\"><div class=\"vc_column-inner vc_custom_1584050265909\"><div class=\"wpb_wrapper\"><div class=\"vc_empty_space\"   style=\"height: 40px\"><span class=\"vc_empty_space_inner\"><\/span><\/div><div id=\"ct-heading-2\" class=\"ct-heading  style1 align-left align-left-md align-left-sm align-left-xs  wpb_animate_when_almost_visible wpb_bounceInUp bounceInUp\">\n    \n    \n                <div class=\"ct-heading-sub\" >\n            <span ><\/span>\n            LLAMA AHORA!        <\/div>\n            <h2 class=\"ct-heading-tag\" >\n                    <a href=\"tel:12013920303\" target=\"_self\">                Llamanos y tendr\u00e1s una consulta gratis            <\/a>            <\/h2>\n        <\/div><div class=\"vc_empty_space\"   style=\"height: 20px\"><span class=\"vc_empty_space_inner\"><\/span><\/div><div class=\"ct-button-wrapper align-left align-left-md align-left-sm align-left-xs  wpb_animate_when_almost_visible wpb_flash flash\">\n\n    <a  href=\"tel:12013920303\" target=\"_self\" class=\"btn btn-icon btn-gradient size-lg\">\n        <span>+1 201 392 0303<\/span>\n                    <i class=\"zmdi zmdi-phone-in-talk\"><\/i>\n            <\/a>\n\n<\/div><div class=\"vc_empty_space\"   style=\"height: 60px\"><span class=\"vc_empty_space_inner\"><\/span><\/div><\/div><\/div><\/div><div class=\"wpb_column vc_column_container vc_col-sm-2\"><div class=\"vc_column-inner\"><div class=\"wpb_wrapper\"><\/div><\/div><\/div><\/div><div class=\"vc_row-full-width vc_clearfix\"><\/div>","protected":false},"excerpt":{"rendered":"Testimonials Steven Serna Testimonials \u201c Exceptional performance, service and support thru my bankruptcy case. Steven and his team are very professional and very talented. They were very patient with me and guide me thru that difficult time. Kinga Exceptional service and support. \u201c Steven Serna and his dedicated staff guided and supported us every step [...]","protected":false},"author":1,"featured_media":0,"parent":0,"menu_order":0,"comment_status":"closed","ping_status":"closed","template":"","meta":{"footnotes":""},"class_list":["post-252","page","type-page","status-publish","hentry"],"jetpack_sharing_enabled":true,"_links":{"self":[{"href":"https:\/\/sernalegal.com\/es\/wp-json\/wp\/v2\/pages\/252","targetHints":{"allow":["GET"]}}],"collection":[{"href":"https:\/\/sernalegal.com\/es\/wp-json\/wp\/v2\/pages"}],"about":[{"href":"https:\/\/sernalegal.com\/es\/wp-json\/wp\/v2\/types\/page"}],"author":[{"embeddable":true,"href":"https:\/\/sernalegal.com\/es\/wp-json\/wp\/v2\/users\/1"}],"replies":[{"embeddable":true,"href":"https:\/\/sernalegal.com\/es\/wp-json\/wp\/v2\/comments?post=252"}],"version-history":[{"count":0,"href":"https:\/\/sernalegal.com\/es\/wp-json\/wp\/v2\/pages\/252\/revisions"}],"wp:attachment":[{"href":"https:\/\/sernalegal.com\/es\/wp-json\/wp\/v2\/media?parent=252"}],"curies":[{"name":"wp","href":"https:\/\/api.w.org\/{rel}","templated":true}]}}